{"id":9852,"date":"2020-01-30T15:03:19","date_gmt":"2020-01-30T14:03:19","guid":{"rendered":"https:\/\/ldx-graphics.ch\/produit\/factory-arme-vent\/"},"modified":"2025-02-22T14:16:46","modified_gmt":"2025-02-22T13:16:46","slug":"factory-arme-vent","status":"publish","type":"product","link":"https:\/\/ldx-graphics.ch\/de\/produkt\/factory-arme-vent\/","title":{"rendered":"Factory ARME Vent"},"content":{"rendered":"","protected":false},"excerpt":{"rendered":"<p>Von Fachleuten verwendete Tankdeckel-Entl\u00fcftungsschl\u00e4uche<\/p>\n<p>BEST GRIPS &#8211; LOOK &#8211; REDUZIERT STAUBZULASSUNG<\/p>\n<p>Dank unserer einzigartigen TAC-Formel haftet unser Produkt nachweislich viel besser auf Ihrem Tankdeckel als ein Standard-Entl\u00fcftungsschlauch und verringert gleichzeitig das Risiko einer Staubabsaugung. Tests haben gezeigt, dass Staub und Sand unter extremen Bedingungen den Standardentl\u00fcftungsschlauch wieder in den Gastank zur\u00fcckf\u00fchren k\u00f6nnen. Bei Verwendung unseres Kraftstoffschlauchs bleiben die Partikel im Innenraum haften, was die Kraftstoffaufnahme verringert.<\/p>\n<p>Gerade bei modernen Einspritzmotoren ist es wichtig, den Kraftstoff jederzeit so sauber wie m\u00f6glich zu halten.<\/p>\n<p>Unser Produkt ist ein einfaches Produkt mit geringen Kosten, das den Unterschied ausmacht.<\/p>\n","protected":false},"featured_media":9832,"template":"","meta":[],"product_brand":[],"product_cat":[151,222],"product_tag":[],"class_list":{"0":"post-9852","1":"product","2":"type-product","3":"status-publish","4":"has-post-thumbnail","6":"product_cat-extra-de","7":"product_cat-others-de","8":"product_shipping_class-letter-de","10":"first","11":"instock","12":"taxable","13":"shipping-taxable","14":"purchasable","15":"product-type-variable"},"_links":{"self":[{"href":"https:\/\/ldx-graphics.ch\/de\/wp-json\/wp\/v2\/product\/9852","targetHints":{"allow":["GET"]}}],"collection":[{"href":"https:\/\/ldx-graphics.ch\/de\/wp-json\/wp\/v2\/product"}],"about":[{"href":"https:\/\/ldx-graphics.ch\/de\/wp-json\/wp\/v2\/types\/product"}],"wp:featuredmedia":[{"embeddable":true,"href":"https:\/\/ldx-graphics.ch\/de\/wp-json\/wp\/v2\/media\/9832"}],"wp:attachment":[{"href":"https:\/\/ldx-graphics.ch\/de\/wp-json\/wp\/v2\/media?parent=9852"}],"wp:term":[{"taxonomy":"product_brand","embeddable":true,"href":"https:\/\/ldx-graphics.ch\/de\/wp-json\/wp\/v2\/product_brand?post=9852"},{"taxonomy":"product_cat","embeddable":true,"href":"https:\/\/ldx-graphics.ch\/de\/wp-json\/wp\/v2\/product_cat?post=9852"},{"taxonomy":"product_tag","embeddable":true,"href":"https:\/\/ldx-graphics.ch\/de\/wp-json\/wp\/v2\/product_tag?post=9852"}],"curies":[{"name":"wp","href":"https:\/\/api.w.org\/{rel}","templated":true}]}}