{"id":9684,"date":"2020-01-29T17:30:15","date_gmt":"2020-01-29T16:30:16","guid":{"rendered":"https:\/\/ldx-graphics.ch\/?post_type=product&#038;p=9684"},"modified":"2025-04-27T14:25:27","modified_gmt":"2025-04-27T12:25:27","slug":"forkshrink-360-kyb","status":"publish","type":"product","link":"https:\/\/ldx-graphics.ch\/de\/produkt\/forkshrink-360-kyb\/","title":{"rendered":"Forkshrink 360 KYB"},"content":{"rendered":"","protected":false},"excerpt":{"rendered":"<p>360 \u00b0 Schutz Ihrer Schl\u00e4uche, w\u00e4rmeschrumpfbar.<\/p>\n<p>Einfach zu installieren:<br \/>\n1- Gabel gut reinigen und entfetten.<br \/>\n2- Installieren Sie die H\u00fclse.<br \/>\n3- Mit einer Hei\u00dfluftpistole \u00fcber die gesamte Basis erhitzen.<br \/>\nEin \u00fcberlegenes Produkt, das Ihre oberen Gabelrohre um 360 Grad sch\u00fctzt.<\/p>\n<p>Sie bestehen aus einem einzigartigen, geh\u00e4rteten Polymer, das Ihren Gabeln einen individuellen 360-Grad-Schutz bietet, wie kein anderes Produkt, das heute im Handel ist. Sie sind au\u00dferdem mit Paneelen ausgekleidet, die gew\u00e4hrleisten, dass dieses Produkt an Ort und Stelle bleibt und die Bereiche sch\u00fctzt, die beim Einbau Ihrer Gabeln am anf\u00e4lligsten f\u00fcr Besch\u00e4digungen sind. Wenn Sie eine Reihe von Gabeln haben, die ihr Alter anzeigen, wird Forkshrink Unvollkommenheiten verbergen und gleichzeitig vor weiterer Abnutzung sch\u00fctzen.<\/p>\n<p>Forkshrink 360 garantiert, dass alle Bereiche ordnungsgem\u00e4\u00df durch eine benutzerdefinierte Schrumpfung auf die exakte Gr\u00f6\u00dfe abgedeckt werden, die ab der Erstmontage erforderlich ist.<\/p>\n<p>L\u00e4nge: 28 cm<br \/>\nKann geschnitten werden, um an Verschiebungen angepasst zu werden, die auf 125 cm\u00b3 + verringert wurden<\/p>\n","protected":false},"featured_media":9307,"template":"","meta":[],"product_brand":[],"product_cat":[151,254],"product_tag":[],"class_list":{"0":"post-9684","1":"product","2":"type-product","3":"status-publish","4":"has-post-thumbnail","6":"product_cat-extra-de","7":"product_cat-forkshrink-de","8":"product_shipping_class-letter-de","10":"first","11":"instock","12":"taxable","13":"shipping-taxable","14":"purchasable","15":"product-type-variable"},"_links":{"self":[{"href":"https:\/\/ldx-graphics.ch\/de\/wp-json\/wp\/v2\/product\/9684","targetHints":{"allow":["GET"]}}],"collection":[{"href":"https:\/\/ldx-graphics.ch\/de\/wp-json\/wp\/v2\/product"}],"about":[{"href":"https:\/\/ldx-graphics.ch\/de\/wp-json\/wp\/v2\/types\/product"}],"wp:featuredmedia":[{"embeddable":true,"href":"https:\/\/ldx-graphics.ch\/de\/wp-json\/wp\/v2\/media\/9307"}],"wp:attachment":[{"href":"https:\/\/ldx-graphics.ch\/de\/wp-json\/wp\/v2\/media?parent=9684"}],"wp:term":[{"taxonomy":"product_brand","embeddable":true,"href":"https:\/\/ldx-graphics.ch\/de\/wp-json\/wp\/v2\/product_brand?post=9684"},{"taxonomy":"product_cat","embeddable":true,"href":"https:\/\/ldx-graphics.ch\/de\/wp-json\/wp\/v2\/product_cat?post=9684"},{"taxonomy":"product_tag","embeddable":true,"href":"https:\/\/ldx-graphics.ch\/de\/wp-json\/wp\/v2\/product_tag?post=9684"}],"curies":[{"name":"wp","href":"https:\/\/api.w.org\/{rel}","templated":true}]}}