{"id":2487,"date":"2019-11-14T02:18:19","date_gmt":"2019-11-14T01:18:21","guid":{"rendered":"https:\/\/ldx-graphics.ch\/?post_type=product&#038;p=2487"},"modified":"2025-02-22T14:15:09","modified_gmt":"2025-02-22T13:15:09","slug":"acerbis-full-plastik-kit-kawasaki-kxf450-19-20","status":"publish","type":"product","link":"https:\/\/ldx-graphics.ch\/de\/produkt\/acerbis-full-plastik-kit-kawasaki-kxf450-19-20\/","title":{"rendered":"Acerbis Full Plastik Kit Kawasaki KXF450 19-20"},"content":{"rendered":"","protected":false},"excerpt":{"rendered":"<p><strong>Wir bieten Ihnen Plastik Kits Basic oder Full<\/strong><\/p>\n<h3>Basic Kit<\/h3>\n<ul>\n<li>1 Vorderradkotfl\u00fcgel<\/li>\n<li>1 Hinterradkotfl\u00fcgel<\/li>\n<li>Je 1 K\u00fchlerspoiler links und rechts<\/li>\n<li>Je 1 Seitenteil links und rechts<\/li>\n<\/ul>\n<p><\/p>\n<h3>Kit Full<\/h3>\n<ul>\n<li>1 Vorderradkotfl\u00fcgel<\/li>\n<li>1 Hinterradkotfl\u00fcgel<\/li>\n<li>1 Startnummerntafel<\/li>\n<li>Je 1 Gabelsch\u00fctzer links und rechts<\/li>\n<li>Je 1 K\u00fchlerspoiler links und rechts<\/li>\n<li>Je 1 Seitenteil links und rechts<\/li>\n<\/ul>\n<p><\/p>\n<p>Die Zusammensetzung des Kits kann je nach Motorradmodell variieren.<\/p>\n<p>Wenn Sie das Modell Ihres Bike nicht finden k\u00f6nnen oder eine andere Marke w\u00fcnschen, z\u00f6gern Sie nicht, uns \u00fcber das <a href=\"https:\/\/dev.ldx-graphics.ch\/de\/#contact\" target=\"_blank\" rel=\"noopener noreferrer\">Kontaktformular<\/a> zu kontaktieren.<\/p>\n<p><strong>Passen Sie Ihr Plastik Kit mit LDX Graphics Dekor an<\/strong><br \/>\nSie k\u00f6nnen ein Dekor Set bestellen und unseren Montageservice benutzen !<\/p>\n","protected":false},"featured_media":2224,"template":"","meta":[],"product_brand":[],"product_cat":[132,127],"product_tag":[],"class_list":{"0":"post-2487","1":"product","2":"type-product","3":"status-publish","4":"has-post-thumbnail","6":"product_cat-kawasaki-plastik-kits","7":"product_cat-plastik-kits","8":"product_shipping_class-gros-colis-de","10":"first","11":"instock","12":"taxable","13":"shipping-taxable","14":"purchasable","15":"product-type-variable"},"_links":{"self":[{"href":"https:\/\/ldx-graphics.ch\/de\/wp-json\/wp\/v2\/product\/2487","targetHints":{"allow":["GET"]}}],"collection":[{"href":"https:\/\/ldx-graphics.ch\/de\/wp-json\/wp\/v2\/product"}],"about":[{"href":"https:\/\/ldx-graphics.ch\/de\/wp-json\/wp\/v2\/types\/product"}],"wp:featuredmedia":[{"embeddable":true,"href":"https:\/\/ldx-graphics.ch\/de\/wp-json\/wp\/v2\/media\/2224"}],"wp:attachment":[{"href":"https:\/\/ldx-graphics.ch\/de\/wp-json\/wp\/v2\/media?parent=2487"}],"wp:term":[{"taxonomy":"product_brand","embeddable":true,"href":"https:\/\/ldx-graphics.ch\/de\/wp-json\/wp\/v2\/product_brand?post=2487"},{"taxonomy":"product_cat","embeddable":true,"href":"https:\/\/ldx-graphics.ch\/de\/wp-json\/wp\/v2\/product_cat?post=2487"},{"taxonomy":"product_tag","embeddable":true,"href":"https:\/\/ldx-graphics.ch\/de\/wp-json\/wp\/v2\/product_tag?post=2487"}],"curies":[{"name":"wp","href":"https:\/\/api.w.org\/{rel}","templated":true}]}}