{"id":1653,"date":"2019-11-13T15:27:01","date_gmt":"2019-11-13T14:27:01","guid":{"rendered":"https:\/\/ldx-graphics.ch\/?post_type=product&#038;p=1653"},"modified":"2025-02-09T18:48:56","modified_gmt":"2025-02-09T17:48:56","slug":"jersey-drucken-style-5","status":"publish","type":"product","link":"https:\/\/ldx-graphics.ch\/de\/produkt\/jersey-drucken-style-5\/","title":{"rendered":"Jersey Drucken Style 5"},"content":{"rendered":"<h3>Passen Sie Ihre Motocross Jersey mit Ihrem Namen, Vornamen und den Startnummern an<\/h3>\n<p>Den Druck besteht aus einem speziellen bedruckbaren Flex, der die Sublimationstinte des Shirts nicht aufwirbelt.<br \/>\nCette technique d&#8217;excellente qualit\u00e9 permet une tenue dans le temps et une r\u00e9sistance aux lavages, \u00e0 condition de respecter les consignes d&#8217;entretien :<\/p>\n<ul>\n<li>Waschen Sie das Textil kopf\u00fcber.<\/li>\n<li>Waschtemperatur 40 \u00b0 C max<\/li>\n<li>Verwenden Sie keine aggressiven Produkte (Bleichmittel).<\/li>\n<li>Keine chemische Reinigung.<\/li>\n<li>Kein Trockner.<\/li>\n<\/ul>\n<p><\/p>\n<p>F\u00fcr Ihre Logos lesen Sie bitte unsere Allgemeinen Gesch\u00e4ftsbedingungen, Punkt 9.<\/p>\n<p>Jersey wird nicht mitgeliefert.<\/p>\n<p>Nachdem die Bestellung aufgegeben wurde, senden Sie uns Ihre Jersey. Kopie der Bestellung beif\u00fcgen<\/p>\n<p>LDX Graphics<br \/>\nZI la Pussaz 15D<br \/>\n1510 Moudon<\/p>\n","protected":false},"excerpt":{"rendered":"<p>Passen Sie Ihre Motocross Jersey mit Ihrem Namen, Vornamen und den Startnummern an Den Druck besteht aus einem speziellen bedruckbaren Flex, der die Sublimationstinte des Shirts nicht aufwirbelt. Cette technique d&#8217;excellente qualit\u00e9 permet une tenue dans le temps et une r\u00e9sistance aux lavages, \u00e0 condition de respecter les consignes d&#8217;entretien : Waschen Sie das Textil [&hellip;]<\/p>\n","protected":false},"featured_media":1466,"template":"","meta":[],"product_brand":[],"product_cat":[152],"product_tag":[265],"class_list":{"0":"post-1653","1":"product","2":"type-product","3":"status-publish","4":"has-post-thumbnail","6":"product_cat-jersey-drucken","7":"product_tag-steps-de","8":"product_shipping_class-colis-de","10":"first","11":"instock","12":"taxable","13":"shipping-taxable","14":"purchasable","15":"product-type-simple"},"_links":{"self":[{"href":"https:\/\/ldx-graphics.ch\/de\/wp-json\/wp\/v2\/product\/1653","targetHints":{"allow":["GET"]}}],"collection":[{"href":"https:\/\/ldx-graphics.ch\/de\/wp-json\/wp\/v2\/product"}],"about":[{"href":"https:\/\/ldx-graphics.ch\/de\/wp-json\/wp\/v2\/types\/product"}],"wp:featuredmedia":[{"embeddable":true,"href":"https:\/\/ldx-graphics.ch\/de\/wp-json\/wp\/v2\/media\/1466"}],"wp:attachment":[{"href":"https:\/\/ldx-graphics.ch\/de\/wp-json\/wp\/v2\/media?parent=1653"}],"wp:term":[{"taxonomy":"product_brand","embeddable":true,"href":"https:\/\/ldx-graphics.ch\/de\/wp-json\/wp\/v2\/product_brand?post=1653"},{"taxonomy":"product_cat","embeddable":true,"href":"https:\/\/ldx-graphics.ch\/de\/wp-json\/wp\/v2\/product_cat?post=1653"},{"taxonomy":"product_tag","embeddable":true,"href":"https:\/\/ldx-graphics.ch\/de\/wp-json\/wp\/v2\/product_tag?post=1653"}],"curies":[{"name":"wp","href":"https:\/\/api.w.org\/{rel}","templated":true}]}}