{"id":1604,"date":"2019-11-12T12:42:18","date_gmt":"2019-11-12T11:42:18","guid":{"rendered":"https:\/\/ldx-graphics.ch\/produit\/acerbis-komplette-plastik-kit-honda-crf450-17-20-crf250-18-20\/"},"modified":"2025-02-22T14:15:13","modified_gmt":"2025-02-22T13:15:13","slug":"acerbis-komplette-plastik-kit-honda-crf450-17-20-crf250-18-20","status":"publish","type":"product","link":"https:\/\/ldx-graphics.ch\/de\/produkt\/acerbis-komplette-plastik-kit-honda-crf450-17-20-crf250-18-20\/","title":{"rendered":"Acerbis Komplette Plastik Kit Honda CRF450 17-20 CRF250 18-20"},"content":{"rendered":"<p>[et_pb_section fb_built=&#8220;1&#8243; _builder_version=&#8220;3.22&#8243; custom_padding=&#8220;0px||||false|false&#8220;][et_pb_row _builder_version=&#8220;3.25&#8243; background_size=&#8220;initial&#8220; background_position=&#8220;top_left&#8220; background_repeat=&#8220;repeat&#8220; width=&#8220;100%&#8220; custom_padding=&#8220;0px||0px||false|false&#8220;][et_pb_column type=&#8220;4_4&#8243; _builder_version=&#8220;3.25&#8243; custom_padding=&#8220;|||&#8220; custom_padding__hover=&#8220;|||&#8220;][et_pb_wc_breadcrumb _builder_version=&#8220;3.0.47&#8243;][\/et_pb_wc_breadcrumb][et_pb_wc_cart_notice _builder_version=&#8220;3.0.47&#8243;][\/et_pb_wc_cart_notice][\/et_pb_column][\/et_pb_row][et_pb_row column_structure=&#8220;1_2,1_2&#8243; _builder_version=&#8220;3.25&#8243; background_size=&#8220;initial&#8220; background_position=&#8220;top_left&#8220; background_repeat=&#8220;repeat&#8220; width=&#8220;100%&#8220; custom_padding=&#8220;0px||||false|false&#8220;][et_pb_column type=&#8220;1_2&#8243; _builder_version=&#8220;3.25&#8243; custom_padding=&#8220;|||&#8220; custom_padding__hover=&#8220;|||&#8220;][et_pb_wc_images _builder_version=&#8220;3.0.47&#8243;][\/et_pb_wc_images][\/et_pb_column][et_pb_column type=&#8220;1_2&#8243; _builder_version=&#8220;3.25&#8243; custom_padding=&#8220;|||&#8220; custom_padding__hover=&#8220;|||&#8220;][et_pb_wc_title _builder_version=&#8220;3.0.47&#8243;][\/et_pb_wc_title][et_pb_wc_rating _builder_version=&#8220;3.0.47&#8243;][\/et_pb_wc_rating][et_pb_wc_price _builder_version=&#8220;3.0.47&#8243;][\/et_pb_wc_price][et_pb_wc_description admin_label=&#8220;Woo Description&#8220; _builder_version=&#8220;4.0.4&#8243;][\/et_pb_wc_description][et_pb_wc_add_to_cart _builder_version=&#8220;3.0.47&#8243;][\/et_pb_wc_add_to_cart][et_pb_wc_meta _builder_version=&#8220;3.0.47&#8243;][\/et_pb_wc_meta][\/et_pb_column][\/et_pb_row][et_pb_row _builder_version=&#8220;3.25&#8243; background_size=&#8220;initial&#8220; background_position=&#8220;top_left&#8220; background_repeat=&#8220;repeat&#8220; width=&#8220;100%&#8220;][et_pb_column type=&#8220;4_4&#8243; _builder_version=&#8220;3.25&#8243; custom_padding=&#8220;|||&#8220; custom_padding__hover=&#8220;|||&#8220;][et_pb_wc_upsells _builder_version=&#8220;3.0.47&#8243;][\/et_pb_wc_upsells][et_pb_wc_related_products _builder_version=&#8220;3.0.47&#8243;][\/et_pb_wc_related_products][\/et_pb_column][\/et_pb_row][\/et_pb_section]<\/p>\n","protected":false},"excerpt":{"rendered":"<p><strong>Wir bieten Ihnen Plastik Kits Basic oder Full<\/strong><\/p>\n<h3>Basic Kit<\/h3>\n<ul>\n<li>1 Vorderradkotfl\u00fcgel<\/li>\n<li>1 Hinterradkotfl\u00fcgel<\/li>\n<li>Je 1 K\u00fchlerspoiler links und rechts<\/li>\n<li>Je 1 Seitenteil links und rechts<\/li>\n<\/ul>\n<p><\/p>\n<h3>Kit Full<\/h3>\n<ul>\n<li>1 Vorderradkotfl\u00fcgel<\/li>\n<li>1 Hinterradkotfl\u00fcgel<\/li>\n<li>1 Startnummerntafel<\/li>\n<li>Je 1 Gabelsch\u00fctzer links und rechts<\/li>\n<li>Je 1 K\u00fchlerspoiler links und rechts<\/li>\n<li>Je 1 Seitenteil links und rechts<\/li>\n<\/ul>\n<p><\/p>\n<p>Die Zusammensetzung des Kits kann je nach Motorradmodell variieren.<\/p>\n<p>Wenn Sie das Modell Ihres Bike nicht finden k\u00f6nnen oder eine andere Marke w\u00fcnschen, z\u00f6gern Sie nicht, uns \u00fcber das <a href=\"https:\/\/dev.ldx-graphics.ch\/de\/#contact\" target=\"_blank\" rel=\"noopener noreferrer\">Kontaktformular<\/a> zu kontaktieren.<\/p>\n<p><strong>Passen Sie Ihr Plastik Kit mit LDX Graphics Dekor an<\/strong><br \/>\nSie k\u00f6nnen ein Dekor Set bestellen und unseren Montageservice benutzen !<\/p>\n","protected":false},"featured_media":1826,"template":"","meta":[],"product_brand":[],"product_cat":[128,127],"product_tag":[],"class_list":{"0":"post-1604","1":"product","2":"type-product","3":"status-publish","4":"has-post-thumbnail","6":"product_cat-honda-plastik-kits","7":"product_cat-plastik-kits","8":"product_shipping_class-gros-colis-de","10":"first","11":"instock","12":"taxable","13":"shipping-taxable","14":"purchasable","15":"product-type-variable"},"_links":{"self":[{"href":"https:\/\/ldx-graphics.ch\/de\/wp-json\/wp\/v2\/product\/1604","targetHints":{"allow":["GET"]}}],"collection":[{"href":"https:\/\/ldx-graphics.ch\/de\/wp-json\/wp\/v2\/product"}],"about":[{"href":"https:\/\/ldx-graphics.ch\/de\/wp-json\/wp\/v2\/types\/product"}],"wp:featuredmedia":[{"embeddable":true,"href":"https:\/\/ldx-graphics.ch\/de\/wp-json\/wp\/v2\/media\/1826"}],"wp:attachment":[{"href":"https:\/\/ldx-graphics.ch\/de\/wp-json\/wp\/v2\/media?parent=1604"}],"wp:term":[{"taxonomy":"product_brand","embeddable":true,"href":"https:\/\/ldx-graphics.ch\/de\/wp-json\/wp\/v2\/product_brand?post=1604"},{"taxonomy":"product_cat","embeddable":true,"href":"https:\/\/ldx-graphics.ch\/de\/wp-json\/wp\/v2\/product_cat?post=1604"},{"taxonomy":"product_tag","embeddable":true,"href":"https:\/\/ldx-graphics.ch\/de\/wp-json\/wp\/v2\/product_tag?post=1604"}],"curies":[{"name":"wp","href":"https:\/\/api.w.org\/{rel}","templated":true}]}}