{"id":12178,"date":"2020-05-06T10:24:25","date_gmt":"2020-05-06T08:24:26","guid":{"rendered":"https:\/\/ldx-graphics.ch\/?post_type=product&#038;p=12178"},"modified":"2025-02-22T14:16:01","modified_gmt":"2025-02-22T13:16:01","slug":"electric-rims-stickers","status":"publish","type":"product","link":"https:\/\/ldx-graphics.ch\/de\/produkt\/electric-rims-stickers\/","title":{"rendered":"Electric Rims Stickers"},"content":{"rendered":"<p>Um den Anforderungen unserer Kunden gerecht zu werden, haben wir eine Produktqualit\u00e4t entwickelt, die die Installation auf allen Arten von Reliefs erleichtert.<br \/>\nUnsere Digitaldruckmaschinen (12 Farben, Eco-Tinten) erm\u00f6glicht 98% des Pantone-Sortiments.<\/p>\n<p>Info : Die Darstellung des Produkts ist ein 3D-Bild.<\/p>\n<h3>LOGO<\/h3>\n<p>Die meisten MX Industrie Logos aben wir. Die Logos von KTM, Husqvarna und Redbull k\u00f6nnen jedoch nicht gedruckt werden.<\/p>\n<p>F\u00fcr alle anderen Logos siehe Punkt 9 unserer Allgemeinen Gesch\u00e4ftsbedingungen.<\/p>\n<p>Wenn Sie pers\u00f6nliche Logos haben, k\u00f6nnen Sie diese mit Ihrer Bestellnummer und Ihrem Namen im Feld &#8222;Betreff&#8220; per E-Mail an info@ldx-graphics.ch senden. Bitte senden Sie uns Ihre Logos in einem der folgenden Formate, um eine gute Druckqualit\u00e4t zu gew\u00e4hrleisten :<\/p>\n<ul>\n<li>.AI<\/li>\n<li>.EPS<\/li>\n<li>.PDF<\/li>\n<li>.CDR<\/li>\n<\/ul>\n<p>Wenn Sie keines dieser Formate haben, senden Sie uns das Logo. Wir werden unser Bestes tun, um es zu integrieren.<\/p>\n<h3>PRODUKTION<\/h3>\n<p>Die meisten Bestellungen werden innerhalb von 3 bis 5 Tagen nach der Design-Validierung (mit Ausnahme der Hauptverkehrszeit) hergestellt. Anschlie\u00dfend werden Sie innerhalb von 1 bis 3 Werktagen geliefert. Das Hinzuf\u00fcgen von Optionen kann die Lieferzeit verl\u00e4ngern.<\/p>\n","protected":false},"excerpt":{"rendered":"<p>Um den Anforderungen unserer Kunden gerecht zu werden, haben wir eine Produktqualit\u00e4t entwickelt, die die Installation auf allen Arten von Reliefs erleichtert. Unsere Digitaldruckmaschinen (12 Farben, Eco-Tinten) erm\u00f6glicht 98% des Pantone-Sortiments. Info : Die Darstellung des Produkts ist ein 3D-Bild. LOGO Die meisten MX Industrie Logos aben wir. Die Logos von KTM, Husqvarna und Redbull [&hellip;]<\/p>\n","protected":false},"featured_media":12151,"template":"","meta":[],"product_brand":[],"product_cat":[239,191],"product_tag":[265],"class_list":{"0":"post-12178","1":"product","2":"type-product","3":"status-publish","4":"has-post-thumbnail","6":"product_cat-rims-stickers-de","7":"product_cat-street-bike-de","8":"product_tag-steps-de","9":"product_shipping_class-colis-de","11":"first","12":"instock","13":"taxable","14":"shipping-taxable","15":"purchasable","16":"product-type-simple"},"_links":{"self":[{"href":"https:\/\/ldx-graphics.ch\/de\/wp-json\/wp\/v2\/product\/12178","targetHints":{"allow":["GET"]}}],"collection":[{"href":"https:\/\/ldx-graphics.ch\/de\/wp-json\/wp\/v2\/product"}],"about":[{"href":"https:\/\/ldx-graphics.ch\/de\/wp-json\/wp\/v2\/types\/product"}],"wp:featuredmedia":[{"embeddable":true,"href":"https:\/\/ldx-graphics.ch\/de\/wp-json\/wp\/v2\/media\/12151"}],"wp:attachment":[{"href":"https:\/\/ldx-graphics.ch\/de\/wp-json\/wp\/v2\/media?parent=12178"}],"wp:term":[{"taxonomy":"product_brand","embeddable":true,"href":"https:\/\/ldx-graphics.ch\/de\/wp-json\/wp\/v2\/product_brand?post=12178"},{"taxonomy":"product_cat","embeddable":true,"href":"https:\/\/ldx-graphics.ch\/de\/wp-json\/wp\/v2\/product_cat?post=12178"},{"taxonomy":"product_tag","embeddable":true,"href":"https:\/\/ldx-graphics.ch\/de\/wp-json\/wp\/v2\/product_tag?post=12178"}],"curies":[{"name":"wp","href":"https:\/\/api.w.org\/{rel}","templated":true}]}}