{"id":23674,"date":"2025-02-21T18:48:37","date_gmt":"2025-02-21T17:48:37","guid":{"rendered":"https:\/\/ldx-graphics.ch\/datenschutzrichtlinie\/"},"modified":"2025-02-22T14:15:55","modified_gmt":"2025-02-22T13:15:55","slug":"datenschutzrichtlinie","status":"publish","type":"page","link":"https:\/\/ldx-graphics.ch\/de\/datenschutzrichtlinie\/","title":{"rendered":"Datenschutzrichtlinie"},"content":{"rendered":"<div id='av_section_1'  class='avia-section av-5e59-2ea6892cce0bed44321a2f9480e5f6e7 main_color avia-section-default avia-no-border-styling  avia-builder-el-0  avia-builder-el-no-sibling  avia-bg-style-scroll container_wrap fullsize'  ><div class='container av-section-cont-open' ><main  role=\"main\" itemprop=\"mainContentOfPage\"  class='template-page content  av-content-full alpha units'><div class='post-entry post-entry-type-page post-entry-23674'><div class='entry-content-wrapper clearfix'>\n<div  class='flex_column av-33b1-9ab149db8fb99bc89d89800904621498 av_one_full  avia-builder-el-1  avia-builder-el-no-sibling  first flex_column_div  '     ><p><section  class='av_textblock_section av-m74kimjw-ade6c9d42b2ec6bb1595775603356cb6 '   itemscope=\"itemscope\" itemtype=\"https:\/\/schema.org\/CreativeWork\" ><div class='avia_textblock'  itemprop=\"text\" ><p>Diese allgemeinen Verkaufsbedingungen regeln alle Beziehungen zwischen der Firma Lutze Design S\u00e0rl, Herausgeberin der Website www.ldx-graphics.ch (im Folgenden \u201eLutze Design S\u00e0rl\u201c) und ihren Kunden.<\/p>\n<p>Vor jeder Transaktion best\u00e4tigt der Kunde, die allgemeinen Verkaufsbedingungen gelesen zu haben und erkl\u00e4rt sich ausdr\u00fccklich mit deren Annahme einverstanden, wenn er auf dem virtuellen Zahlungsterminal auf die Schaltfl\u00e4che \u201eBest\u00e4tigen\u201c klickt, unabh\u00e4ngig davon, ob er mit Kreditkarte, Bank\u00fcberweisung oder Paypal bezahlt.<\/p>\n<\/div><\/section><br \/>\n<section  class='av_textblock_section av-m74kj9p3-a82e5abd90abbff85e924916950a5598 '   itemscope=\"itemscope\" itemtype=\"https:\/\/schema.org\/CreativeWork\" ><div class='avia_textblock'  itemprop=\"text\" ><h3>Nutzung<\/h3>\n<p>Die auf dieser Website angebotenen Produkte sind ausschlie\u00dflich f\u00fcr Personen, Unternehmen, Organisationen, Vereine, Gemeinschaften bestimmt, die ein Recht zur Nutzung einer Marke und ihres Images haben.<br \/>\nBevor Sie auf dieser Seite bestellen, m\u00fcssen Sie beim Inhaber der Marke ein Nutzungsrecht beantragen.<\/p>\n<p>Die Firma Lutze Design S\u00e0rl \u00fcbernimmt keinerlei Verantwortung f\u00fcr die Nutzung, die der K\u00e4ufer aus seiner Bestellung macht.<\/p>\n<\/div><\/section><br \/>\n<section  class='av_textblock_section av-m74km072-ac59bd04ba882e4e5c9e9c24b9c2429d '   itemscope=\"itemscope\" itemtype=\"https:\/\/schema.org\/CreativeWork\" ><div class='avia_textblock'  itemprop=\"text\" ><h3>1. Besondere Verkaufsbedingungen<\/h3>\n<p>Der Kunde best\u00e4tigt, dass er zum Zeitpunkt der Bestellung die auf dem Bildschirm angezeigten besonderen Verkaufsbedingungen (Name, Preis, Bestandteil, Gewicht, Menge, Farbe, Besonderheiten der Produkte, Kosten f\u00fcr die Lieferung nach Hause und Beschr\u00e4nkung auf bestimmte Produktkategorien) gelesen hat und erkl\u00e4rt sich ausdr\u00fccklich damit einverstanden, diese vorbehaltlos zu akzeptieren. Mit der Auftragserteilung und deren Best\u00e4tigung durch den Kunden akzeptiert er die besonderen Verkaufsbedingungen, die ausschlie\u00dflich auf die Bestellung anwendbar sind, vollst\u00e4ndig.<\/p>\n<h4>1.2 Sonderfall personalisierter Dekorationssets<\/h4>\n<p>F\u00fcr die Gestaltung des Modells des Deko-Bausatzes ben\u00f6tigen wir eine Anzahlung in H\u00f6he von 100 CHF. Diese Anzahlung wird dann vom Gesamtrechnungsbetrag der gekauften Produkte abgezogen.<\/p>\n<p>Die Anzahlung von 100 CHF f\u00fcr das personalisierte Modell wird nicht zur\u00fcckerstattet, solange einer unserer Grafikdesigner bereits ein Modell entworfen hat.<\/p>\n<p>Personalisierte Dekorationssets sind vom Umtausch oder der R\u00fcckgabe ausgeschlossen.<\/p>\n<h4>1.3 Farb-\/Druckwiedergabe von Deko-Baus\u00e4tzen<\/h4>\n<p>Die Darstellung auf dem Computerbildschirm, Smartphone oder Tablet erfolgt in RGB-Farbe, die Digitaldrucke der Deko-Sets erfolgen in CMYK-Farbe. Durch diese unterschiedliche Darstellung und Verarbeitung kann es zu unterschiedlichen Farbnuancen und\/oder Glanz kommen.<br \/>\nDie Tatsache, dass die Farbe oder das endg\u00fcltige Druckergebnis nicht mit der Darstellung auf Ihrem Bildschirm \u00fcbereinstimmt, kann nicht zu einer R\u00fcckgabe des Produkts f\u00fchren. Daher ist ein Umtausch oder eine R\u00fcckerstattung aufgrund eines erheblichen Unterschieds zwischen der Bildschirm-\/Druckwiedergabe nicht m\u00f6glich.<\/p>\n<\/div><\/section><br \/>\n<section  class='av_textblock_section av-m74knpjp-ee0c925ccf3db4a0e0f0421d7267c819 '   itemscope=\"itemscope\" itemtype=\"https:\/\/schema.org\/CreativeWork\" ><div class='avia_textblock'  itemprop=\"text\" ><h3 class=\"p1\">2. Produktbl\u00e4tter<\/h3>\n<p class=\"p1\">Fotografien (Bilder) zur Veranschaulichung der Produkte fallen nicht in den Vertragsumfang. F\u00fcr eventuelle Fehler kann Lutze Design S\u00e0rl unter keinen Umst\u00e4nden haftbar gemacht werden. Die zu diesen Fotos vorgelegten Beschreibungstexte dienen ausschlie\u00dflich Informationszwecken, gehen nicht in den Vertragsumfang ein und befreien nicht von der sorgf\u00e4ltigen Lekt\u00fcre der vom Hersteller bereitgestellten Hinweise.<\/p>\n<\/div><\/section><br \/>\n<section  class='av_textblock_section av-m74ko9hy-440b7494b97c099eaddd445cec78c1e2 '   itemscope=\"itemscope\" itemtype=\"https:\/\/schema.org\/CreativeWork\" ><div class='avia_textblock'  itemprop=\"text\" ><h3 class=\"p1\">3. Bestellen<\/h3>\n<p class=\"p1\">Die Bestellung wird einschlie\u00dflich aller vom Kunden ausgew\u00e4hlten Produkte zusammengefasst und durch Klicken auf die Schaltfl\u00e4che \u201eBestellbest\u00e4tigung\u201c best\u00e4tigt.<\/p>\n<\/div><\/section><br \/>\n<section  class='av_textblock_section av-m74kov0p-aefebd1720df4d64650d77071b039a03 '   itemscope=\"itemscope\" itemtype=\"https:\/\/schema.org\/CreativeWork\" ><div class='avia_textblock'  itemprop=\"text\" ><h3 class=\"p1\">4. Auftragsbest\u00e4tigung<\/h3>\n<p class=\"p1\">Das Unternehmen Lutze Design S\u00e0rl beh\u00e4lt sich das Recht vor, eine Bestellung aus irgendeinem Grund nicht weiterzuverfolgen, insbesondere im Zusammenhang mit der Lieferung von Produkten, einem Problem mit der eingegangenen Bestellung (z. B.: unleserliches Dokument), einer anormalen Bestellung oder einem vorhersehbaren Problem mit der durchzuf\u00fchrenden Lieferung.<\/p>\n<p class=\"p1\">In jedem Fall wird die Firma Lutze Design S\u00e0rl ihren Kunden nach M\u00f6glichkeit kontaktieren, um ihn \u00fcber die Entwicklungen in der von ihm aufgegebenen Bestellung auf dem Laufenden zu halten.<\/p>\n<\/div><\/section><br \/>\n<section  class='av_textblock_section av-m74kpgtr-0189486fd5e20287a267e28bbe822258 '   itemscope=\"itemscope\" itemtype=\"https:\/\/schema.org\/CreativeWork\" ><div class='avia_textblock'  itemprop=\"text\" ><h3 class=\"p1\">5. Versandkosten<\/h3>\n<p class=\"p1\">Der Versand erfolgt per Post in Paketen mit Sendungsverfolgung oder per Spedition. Die Versandkosten k\u00f6nnen je nach Endziel auf der Website eingesehen werden.<\/p>\n<p class=\"p1\">Bei Lieferung ausserhalb der Schweiz tr\u00e4gt der Kunde zus\u00e4tzlich die f\u00fcr sein Land geltenden Steuern und Z\u00f6lle. Lutze Design S\u00e0rl ist in diesem Fall keinesfalls verpflichtet, den Kunden \u00fcber anfallende Steuern und Z\u00f6lle zu informieren und diese zu pr\u00fcfen. Diese \u00dcberpr\u00fcfung liegt in der Verantwortung des Kunden.<\/p>\n<\/div><\/section><br \/>\n<section  class='av_textblock_section av-m74krpch-9ba0ac1bd5aa4a23ecce3b39e049988f '   itemscope=\"itemscope\" itemtype=\"https:\/\/schema.org\/CreativeWork\" ><div class='avia_textblock'  itemprop=\"text\" ><h3 class=\"p1\">6. Lieferung<\/h3>\n<p class=\"p1\">Die Lieferung erfolgt an die auf dem vom K\u00e4ufer ausgef\u00fcllten Lieferschein angegebene Adresse. Das Unternehmen Lutze Design S\u00e0rl lehnt jede Haftung f\u00fcr die Nichterf\u00fcllung seiner vertraglichen Verpflichtungen im Falle h\u00f6herer Gewalt oder zuf\u00e4lliger Umst\u00e4nde ab, einschlie\u00dflich, aber nicht beschr\u00e4nkt auf Katastrophen, Br\u00e4nde, interne oder externe Streiks, interne oder externe Ausf\u00e4lle oder Ausf\u00e4lle und im Allgemeinen alle Ereignisse, die die ordnungsgem\u00e4\u00dfe Ausf\u00fchrung von Auftr\u00e4gen nicht erm\u00f6glichen.<\/p>\n<p class=\"p1\">Die Ware reist auf Gefahr des Empf\u00e4ngers. \u00dcberpr\u00fcfen Sie Ihr Paket immer bei der Ankunft. Sie haben 48 Stunden Zeit, um eine Reservierung beim Spediteur vorzunehmen, falls etwas fehlt oder besch\u00e4digt ist. Die Schweizerische Post hat ab dem Versanddatum eine Frist von 8 Tagen, um den Schaden bei der Postfiliale zu melden.<\/p>\n<p class=\"p1\">Aus Gr\u00fcnden der Verf\u00fcgbarkeit (nicht vorr\u00e4tig, Produktionsstopp usw.) kann eine Bestellung in mehreren Raten an den Kunden geliefert werden, der nur einmal die auf dem Bestellformular angegebenen Versandkosten zahlt.<\/p>\n<p class=\"p1\">Die Angebote auf der Website liegen im Rahmen der verf\u00fcgbaren Best\u00e4nde; Bei Produkten, die nicht bei uns gelagert werden, unterliegt diese der Verf\u00fcgbarkeit durch den Lieferanten. Im Falle der Nichtverf\u00fcgbarkeit kann Lutze Design S\u00e0rl ein qualitativ und preislich gleichwertiges Produkt anbieten.<\/p>\n<p class=\"p1\">Das Unternehmen Lutze Design S\u00e0rl verpflichtet sich jedoch, den Kunden vor jeder Aktion zu kontaktieren oder die nicht verf\u00fcgbaren Artikel sp\u00e4testens innerhalb von 90 Werktagen nach Eingang der Gesamtzahlung f\u00fcr die Bestellung zu erstatten.<\/p>\n<p class=\"p1\">Diese Erstattung erfolgt in Form einer Gutschrift. Au\u00dfer in Sonderf\u00e4llen kann eine Bestellung mit mehreren Referenzen, von denen einige vor\u00fcbergehend nicht verf\u00fcgbar oder dauerhaft vergriffen sind, ohne die fehlende(n) Referenz(en) versendet werden. In jedem Fall wird Lutze Design S\u00e0rl alles tun, um Sie so schnell wie m\u00f6glich zu bedienen.<\/p>\n<p class=\"p1\">Das Unternehmen Lutze Design S\u00e0rl beh\u00e4lt sich das Recht vor, die vom Kunden gew\u00e4hlte Versandart ohne vorherige Ank\u00fcndigung zu \u00e4ndern, je nachdem, welche Versandart seiner Meinung nach auf einfache Anfrage am besten geeignet ist, und erstattet bei Bedarf die Preisdifferenz des Spediteurs innerhalb von 30 Tagen ab dem Datum der Anfrage des Kunden.<\/p>\n<h4 class=\"p1\">6.1 Herstellungs- und Lieferzeiten<\/h4>\n<p class=\"p1\">Die Herstellungszeit nach der Validierung des Modells betr\u00e4gt je nach Zeitraum 3 bis 15 Tage.<\/p>\n<p class=\"p1\">Die \u00fcblichen Lieferzeiten in der Schweiz betragen 48 Stunden bis 72 Stunden. Diese Fristen werden Ihnen als Anhaltspunkt genannt.<\/p>\n<\/div><\/section><br \/>\n<section  class='av_textblock_section av-m74kshs3-e8f4cd96966f24c1583298c934caa1d6 '   itemscope=\"itemscope\" itemtype=\"https:\/\/schema.org\/CreativeWork\" ><div class='avia_textblock'  itemprop=\"text\" ><h3 class=\"p1\">7. Widerrufsrecht<\/h3>\n<p class=\"p1\">Der Verbraucher hat eine Widerrufsfrist von 7 Tagen ab Erhalt des Produkts (ausgenommen Sonderanfertigungen, siehe Artikel 7.1). Macht der Kunde von seinem Widerrufsrecht Gebrauch, verpflichtet sich die Firma Lutze Design S\u00e0rl, die gezahlten Betr\u00e4ge nach Abzug der Versandkosten innerhalb einer Frist von maximal 30 Tagen nach tats\u00e4chlichem Eingang der betreffenden Waren in gutem Zustand und in der Originalverpackung bei unseren Diensten zur\u00fcckzuerstatten. Die Kosten f\u00fcr die R\u00fccksendung liegen vollst\u00e4ndig in Ihrer Verantwortung. Der Verbraucher hat auch die M\u00f6glichkeit, das Produkt umzutauschen.<\/p>\n<h4 class=\"p1\">7.1 Widerrufsrecht bei Ma\u00dfanfertigung<\/h4>\n<p class=\"p1\">F\u00fcr alle unsere ma\u00dfgeschneiderten oder personalisierten Produkte gilt das Widerrufsrecht nicht. Daher besteht keine Widerrufsfrist f\u00fcr ma\u00dfgeschneiderte oder personalisierte Artikel, alle nicht standardm\u00e4\u00dfigen Artikel und Artikel mit besonderen Erg\u00e4nzungen oder \u00c4nderungen.<\/p>\n<\/div><\/section><br \/>\n<section  class='av_textblock_section av-m74kt4xc-f55912a1ce65e48ae8e885552682ae68 '   itemscope=\"itemscope\" itemtype=\"https:\/\/schema.org\/CreativeWork\" ><div class='avia_textblock'  itemprop=\"text\" ><h3 class=\"p1\">8. Preis<\/h3>\n<p class=\"p1\">Die Preise verstehen sich inklusive aller Steuern (inkl. Mehrwertsteuer) und werden in Schweizer Franken angegeben. In diesen Preisen sind die Versandkosten nicht enthalten. Die angegebenen Preise k\u00f6nnen sich jederzeit \u00e4ndern, ohne dass hierdurch die Haftung der Firma Lutze Design S\u00e0rl in Frage gestellt wird. In jedem Fall wird die Firma Lutze Design S\u00e0rl ihren Kunden informieren, bevor sie eine Transaktion durchf\u00fchrt.<\/p>\n<\/div><\/section><br \/>\n<section  class='av_textblock_section av-m74ku0wt-eefb041e26711127d1aae73eb639d3f4 '   itemscope=\"itemscope\" itemtype=\"https:\/\/schema.org\/CreativeWork\" ><div class='avia_textblock'  itemprop=\"text\" ><h3 class=\"p1\">9. Logo<\/h3>\n<p class=\"p1\">Das Unternehmen Lutze Design S\u00e0rl \/ LDX Graphics signiert automatisch alle seine Kreationen mit seinem Logo, das auf den Elementen seiner Wahl angebracht wird.<\/p>\n<p class=\"p1\">Die Logos Ihrer Sponsoren m\u00fcssen im Vektorformat (.ai, .pdf, .eps, .svg, .jpeg oder .png in guter Qualit\u00e4t und ausreichender Aufl\u00f6sung) vorliegen, andernfalls lehnt die Firma Lutze Design S\u00e0rl jegliche Haftung im Falle eines Druckfehlers ab.<\/p>\n<p class=\"p1\">Das Unternehmen Lutze Design S\u00e0rl \/ LDX Graphics lehnt jede Verantwortung f\u00fcr Anfragen zur Reproduktion urheberrechtlich gesch\u00fctzter Logos ab. Die Verwendung eines Logos setzt voraus, dass der Eigent\u00fcmer Sie dazu autorisiert, und die Verwendung ohne Genehmigung des Eigent\u00fcmers liegt in Ihrer alleinigen Verantwortung.<\/p>\n<\/div><\/section><br \/>\n<section  class='av_textblock_section av-m74kusko-ca08aa7c28bb0123b933bd947712f169 '   itemscope=\"itemscope\" itemtype=\"https:\/\/schema.org\/CreativeWork\" ><div class='avia_textblock'  itemprop=\"text\" ><h3 class=\"p1\">10. Zahlung<\/h3>\n<p class=\"p1\">Der dem Kunden in Rechnung gestellte Preis ist der im Online-Zahlungssystem oder auf dem Bestellformular angegebene Preis. Der Preis der Produkte ist am Tag der tats\u00e4chlichen Bestellung in bar zu zahlen. Die Zahlung erfolgt per VISA- oder MASTERCARD-Bankkarte, POSTCARD per Bank\u00fcberweisung oder per Paypal online unter Verwendung sicherer Zahlungen, die von der Firma Lutze Design S\u00e0rl eingerichtet wurden. Die vom Kunden best\u00e4tigte Bestellung gilt erst dann als wirksam, wenn die betreffenden Zahlungszentren der Bank ihr Einverst\u00e4ndnis gegeben haben oder die Bank\u00fcberweisung erfolgt ist. Dar\u00fcber hinaus beh\u00e4lt sich die Firma Lutze Design S\u00e0rl das Recht vor, jede Bestellung eines Kunden abzulehnen, mit dem ein Streit vorliegt.<\/p>\n<p class=\"p1\">Zahlungsdaten werden verschl\u00fcsselt, wenn Ihre Zahlung validiert wird. Diese Daten werden nicht von der Firma Lutze Design S\u00e0rl gespeichert.<\/p>\n<\/div><\/section><br \/>\n<section  class='av_textblock_section av-m74kvbwl-f919893ce1f9f258972692ade97cec3b '   itemscope=\"itemscope\" itemtype=\"https:\/\/schema.org\/CreativeWork\" ><div class='avia_textblock'  itemprop=\"text\" ><h3 class=\"p1\">11. Stornierung der Bestellung<\/h3>\n<p class=\"p1\">Die Stornierung einer Bestellung ist nur f\u00fcr online verf\u00fcgbare Produkte und nicht f\u00fcr personalisierte Produkte m\u00f6glich. Im Falle einer Stornierung durch den Kunden behalten wir uns das Recht vor, je nach Fortschritt der Bestellung 20 % bis 80 % des Betrags der stornierten Bestellung in Rechnung zu stellen, es sei denn, die Stornierung erfolgt innerhalb von 7 Tagen nach der Bestellung, ausgenommen Bestellungen f\u00fcr Sonderanfertigungen (siehe Abschnitt 7.1).<\/p>\n<p class=\"p1\">Im Falle einer Stornierung durch die Firma Lutze Design S\u00e0rl werden die gezahlten Betr\u00e4ge vollst\u00e4ndig an den Kunden zur\u00fcckerstattet.<\/p>\n<\/div><\/section><br \/>\n<section  class='av_textblock_section av-m74kwshc-9985e96e3e56329b4b78a69de76358ef '   itemscope=\"itemscope\" itemtype=\"https:\/\/schema.org\/CreativeWork\" ><div class='avia_textblock'  itemprop=\"text\" ><h3 class=\"p1\">12. Streitigkeiten<\/h3>\n<p class=\"p1\">Dieser Vertrag unterliegt schweizerischem Recht. Das Unternehmen Lutze Design S\u00e0rl kann nicht f\u00fcr Sch\u00e4den jeglicher Art, seien sie materieller, immaterieller oder k\u00f6rperlicher Art, haftbar gemacht werden, die aus Fehlfunktionen, Missbrauch oder Fehlinterpretation der Verwendung der vermarkteten Produkte resultieren k\u00f6nnten. Lutze Design S\u00e0rl \u00fcbernimmt keine Verantwortung f\u00fcr etwaige \u00c4nderungen, die von Herstellern und H\u00e4ndlern an Produkten vorgenommen werden. Die Haftung der Firma Lutze Design S\u00e0rl ist auf den Auftragswert beschr\u00e4nkt und kann nicht f\u00fcr einfache Fehler oder Auslassungen verantwortlich gemacht werden, die trotz aller Sorgfalt bei der Entwicklung dieser Verkaufsseite entstanden sein k\u00f6nnten.<\/p>\n<p class=\"p1\">Im Falle eines Problems bei der Anwendung dieses Vertrags hat der K\u00e4ufer die M\u00f6glichkeit, vor der Einleitung rechtlicher Schritte eine g\u00fctliche L\u00f6sung anzustreben. Bitte beachten Sie, dass die Suche nach einer einvernehmlichen L\u00f6sung weder die \u201ekurze Frist\u201c der gesetzlichen Gew\u00e4hrleistung noch die Dauer der vertraglichen Gew\u00e4hrleistung unterbricht. Es wird au\u00dferdem daran erinnert, dass die Einhaltung der Bestimmungen dieses Vertrags in Bezug auf die vertragliche Garantie grunds\u00e4tzlich und vorbehaltlich der gerichtlichen Entscheidung davon ausgeht, dass der K\u00e4ufer die Produkte ordnungsgem\u00e4\u00df nutzt.<\/p>\n<p class=\"p1\">Beschwerden oder Streitigkeiten werden immer mit aufmerksamer Freundlichkeit entgegengenommen, wobei bei denen, die sich die M\u00fche machen, ihre Situation zu erkl\u00e4ren, immer von Treu und Glauben ausgegangen wird. Im Streitfall wird sich der Kunde vorrangig an das Unternehmen wenden, um eine g\u00fctliche L\u00f6sung zu finden.<\/p>\n<\/div><\/section><br \/>\n<section  class='av_textblock_section av-m74ky6qh-627fc74d0c78452ff2d97ff0b7ea3f40 '   itemscope=\"itemscope\" itemtype=\"https:\/\/schema.org\/CreativeWork\" ><div class='avia_textblock'  itemprop=\"text\" ><h3 class=\"p1\">13. Garantie und R\u00fcckgabe<\/h3>\n<p class=\"p1\">Alle von der Firma Lutze Design S\u00e0rl verkauften Produkte profitieren von einer vom Hersteller gew\u00e4hrten Garantie (deren Dauer je nach Produkt variiert).<\/p>\n<p class=\"p1\">Die Entscheidung zur Reparatur, zum Austausch oder zur Feststellung, ob das Problem unter die Garantie f\u00e4llt, liegt allein beim Hersteller. Im Falle eines Mangels, der in den Geltungsbereich der vom Hersteller angebotenen Garantie f\u00e4llt und nicht auf eine unsachgem\u00e4\u00dfe Verwendung des Produkts zur\u00fcckzuf\u00fchren ist, wird sich der Kunde mit der Firma Lutze Design S\u00e0rl in Verbindung setzen, um das einzuleitende Verfahren festzulegen. Produkte, die unvollst\u00e4ndig oder besch\u00e4digt sind oder deren Verpackung nicht der des Originals entspricht, fallen nicht unter die Garantie.<\/p>\n<p class=\"p1\">Abschlie\u00dfend \u00fcbernimmt die Firma Lutze Design S\u00e0rl dem Kunden nur eine Garantie f\u00fcr versteckte M\u00e4ngel, die sich auf das verkaufte und gelieferte Produkt auswirken k\u00f6nnen, und zwar nur im Rahmen des vollst\u00e4ndigen oder teilweisen Ersatzes des fehlerhaften Produkts, wenn nur ein oder mehrere Teile fehlerhaft waren. Unter keinen Umst\u00e4nden kann die Haftung der Firma Lutze Design S\u00e0rl f\u00fcr m\u00f6gliche Sch\u00e4den (materiell, immateriell oder k\u00f6rperlich) aufgrund der Verwendung eines fehlerhaften Produkts, dessen versteckte M\u00e4ngel die Ursache sind, anerkannt werden.<\/p>\n<p class=\"p1\">R\u00fccksendungen werden ohne vorherige Zustimmung von Lutze Design S\u00e0rl nicht akzeptiert.\u00a0 Dar\u00fcber hinaus muss der Kunde das Produkt zusammen mit einer Beschreibung des R\u00fccksendegrundes zur Bearbeitung durch den Kundendienst vorlegen. Der R\u00fccktransport der Ware erfolgt auf Kosten und Gefahr des Kunden.<\/p>\n<\/div><\/section><br \/>\n<section  class='av_textblock_section av-m74kyn07-096d00a564cf0586ab149c3726f3dea2 '   itemscope=\"itemscope\" itemtype=\"https:\/\/schema.org\/CreativeWork\" ><div class='avia_textblock'  itemprop=\"text\" ><h3 class=\"p1\">14. Eigentumsvorbehalt<\/h3>\n<p class=\"p1\">Die Firma Lutze Design S\u00e0rl beh\u00e4lt sich ausdr\u00fccklich das Eigentum an den gelieferten Produkten bis zur vollst\u00e4ndigen Bezahlung des Kaufpreises inklusive Zinsen vor. Die blo\u00dfe Zustellung eines Zahlungsbelegs stellt keine Zahlung dar. Bei nicht vollst\u00e4ndiger Zahlung ist die Firma Lutze Design S\u00e0rl berechtigt, die R\u00fcckgabe der gelieferten Ger\u00e4te zu verlangen. Die f\u00fcr diese R\u00fccksendung eventuell anfallenden Kosten gehen zu Lasten des Kunden.<\/p>\n<\/div><\/section><br \/>\n<section  class='av_textblock_section av-m74kzwgl-bc0eb28b7a7ad858f81a62656b881f3b '   itemscope=\"itemscope\" itemtype=\"https:\/\/schema.org\/CreativeWork\" ><div class='avia_textblock'  itemprop=\"text\" ><h3 class=\"p1\">15. Rechte zugewiesen<\/h3>\n<p class=\"p1\">Hier wird zu Informationszwecken daran erinnert, dass gem\u00e4\u00df dem Gesetz \u00fcber geistiges Eigentum das Urheberpers\u00f6nlichkeitsrecht an einer Sch\u00f6pfung (einschlie\u00dflich des Rechts auf Offenlegung, des Rechts auf Achtung des Werks und des Rechts auf Widerruf) auf ewige und unwiderrufliche Weise an ihren Urheber gebunden ist. Tats\u00e4chlich gehen bei personalisierten Produkten (ma\u00dfgeschneiderte Deko-Sets) lediglich die Eigentumsrechte sowie das Vertretungs- und Verwertungsrecht auf den Kunden \u00fcber. Die Quelldatei kann nicht \u00fcbertragen werden.<\/p>\n<p class=\"p1\">Abschlie\u00dfend wird daran erinnert, dass gem\u00e4\u00df demselben Gesetz zum Schutz des geistigen Eigentums jede Darstellung oder Vervielf\u00e4ltigung, die ganz oder teilweise ohne die Zustimmung des Autors oder seiner Berechtigten erfolgt, illegal ist und gem\u00e4\u00df den Gesetzen \u00fcber den Straftatbestand der F\u00e4lschung strafbar ist. Das Gleiche gilt f\u00fcr die \u00dcbersetzung, Bearbeitung oder Umwandlung, Anordnung oder Vervielf\u00e4ltigung durch irgendeine Technik oder ein Verfahren.<\/p>\n<\/div><\/section><br \/>\n<section  class='av_textblock_section av-m74l0vur-ad55c245d2afc76724a405be15716f68 '   itemscope=\"itemscope\" itemtype=\"https:\/\/schema.org\/CreativeWork\" ><div class='avia_textblock'  itemprop=\"text\" ><h3>16. \u00c4nderungen der Verkaufs- und Nutzungsbedingungen<\/h3>\n<p class=\"p1\">Das Unternehmen Lutze Design S\u00e0rl beh\u00e4lt sich das Recht vor, diese Verkaufs- und Nutzungsbedingungen der Website jederzeit und ohne vorherige Ank\u00fcndigung zu \u00e4ndern oder zu aktualisieren. Die aktuelle Version dieser Verkaufs- und Nutzungsbedingungen der Website wird ab dem Datum des Inkrafttretens einer \u00c4nderung auf der Website angezeigt. Die fortgesetzte Nutzung der Website, nachdem eine \u00c4nderung der Verkaufs- und Nutzungsbedingungen der Website stattgefunden hat, stellt Ihr Einverst\u00e4ndnis mit dieser \u00c4nderung dar. Es wird davon ausgegangen, dass die Version der Verkaufs- und Nutzungsbedingungen, die f\u00fcr Ihre Reservierung oder den Kauf eines Produkts oder einer Dienstleistung gilt, diejenige ist, die am Tag dieser Reservierung oder des Kaufs in Kraft ist.<\/p>\n<\/div><\/section><br \/>\n<section  class='av_textblock_section av-m74l1bml-cfa4a744df5831f64183028c5bf73370 '   itemscope=\"itemscope\" itemtype=\"https:\/\/schema.org\/CreativeWork\" ><div class='avia_textblock'  itemprop=\"text\" ><h3 class=\"p1\">17. Rechtliche Informationen und Vertraulichkeit<\/h3>\n<p class=\"p1\">Die Erhebung personenbezogener Daten f\u00fcr Fernabsatzzwecke ist zwingend erforderlich. Diese Informationen sind f\u00fcr die Bearbeitung und Lieferung von Bestellungen, die Ausstellung von Rechnungen und Garantien unerl\u00e4sslich. Die Nichtbereitstellung von Informationen hat zur Folge, dass die Bestellung ung\u00fcltig wird. Wir stehen Ihnen gerne zur Verf\u00fcgung, um f\u00fcr alle Beteiligten die einfachste und zufriedenstellendste L\u00f6sung zu finden.<\/p>\n<\/div><\/section><br \/>\n<section  class='av_textblock_section av-m74l1oq6-a93e5e629742bc0ba0a08518234ad0f6 '   itemscope=\"itemscope\" itemtype=\"https:\/\/schema.org\/CreativeWork\" ><div class='avia_textblock'  itemprop=\"text\" ><h3 class=\"p1\">18. Datenschutz \/ Cookies<\/h3>\n<p class=\"p1\">Im Rahmen des Betriebs der Website <a href=\"http:\/\/www.ldx-graphics.ch\/\"><span class=\"s1\">www.ldx-graphics.ch<\/span><\/a> kann Lutze Design S\u00e0rl personenbezogene Daten erheben. Die Verarbeitung dieser Daten erfolgt im Einklang mit dem Bundesdatenschutzgesetz 235.1.<\/p>\n<\/div><\/section><br \/>\n<section  class='av_textblock_section av-m74l21uz-0f70887415d17be9178544904de03ca1 '   itemscope=\"itemscope\" itemtype=\"https:\/\/schema.org\/CreativeWork\" ><div class='avia_textblock'  itemprop=\"text\" ><h3 class=\"p1\">19. Anwendbares Recht und Rechtsforum<\/h3>\n<p class=\"p1\">Das anwendbare Recht ist Schweizer Recht und alle Streitigkeiten werden vom Bezirksgericht Broye und Nord Vaudois entschieden.<\/p>\n<\/div><\/section><br \/>\n<section  class='av_textblock_section av-m74l2ejc-832fcd0f5d7e508c6bebdd6803b9c790 '   itemscope=\"itemscope\" itemtype=\"https:\/\/schema.org\/CreativeWork\" ><div class='avia_textblock'  itemprop=\"text\" ><h3 class=\"p1\">20. Kontaktdaten<\/h3>\n<p class=\"p1\">Fragen zu den Allgemeinen Verkaufs- und Nutzungsbedingungen k\u00f6nnen Sie an <a href=\"mailto:info@ldx-graphics.ch\"><span class=\"s1\">info@ldx-graphics.ch<\/span><\/a> senden.<\/p>\n<\/div><\/section><\/p><\/div>\n","protected":false},"excerpt":{"rendered":"","protected":false},"author":1,"featured_media":0,"parent":0,"menu_order":0,"comment_status":"closed","ping_status":"closed","template":"","meta":{"footnotes":""},"class_list":["post-23674","page","type-page","status-publish","hentry"],"_links":{"self":[{"href":"https:\/\/ldx-graphics.ch\/de\/wp-json\/wp\/v2\/pages\/23674","targetHints":{"allow":["GET"]}}],"collection":[{"href":"https:\/\/ldx-graphics.ch\/de\/wp-json\/wp\/v2\/pages"}],"about":[{"href":"https:\/\/ldx-graphics.ch\/de\/wp-json\/wp\/v2\/types\/page"}],"author":[{"embeddable":true,"href":"https:\/\/ldx-graphics.ch\/de\/wp-json\/wp\/v2\/users\/1"}],"replies":[{"embeddable":true,"href":"https:\/\/ldx-graphics.ch\/de\/wp-json\/wp\/v2\/comments?post=23674"}],"version-history":[{"count":4,"href":"https:\/\/ldx-graphics.ch\/de\/wp-json\/wp\/v2\/pages\/23674\/revisions"}],"predecessor-version":[{"id":23721,"href":"https:\/\/ldx-graphics.ch\/de\/wp-json\/wp\/v2\/pages\/23674\/revisions\/23721"}],"wp:attachment":[{"href":"https:\/\/ldx-graphics.ch\/de\/wp-json\/wp\/v2\/media?parent=23674"}],"curies":[{"name":"wp","href":"https:\/\/api.w.org\/{rel}","templated":true}]}}